{"id":3566,"date":"2023-03-14T13:01:46","date_gmt":"2023-03-14T13:01:46","guid":{"rendered":"https:\/\/www.ais-systeme.de\/?page_id=3566"},"modified":"2024-08-28T09:26:22","modified_gmt":"2024-08-28T09:26:22","slug":"certifikaty","status":"publish","type":"page","link":"https:\/\/www.ais-systeme.de\/cs\/certifikaty\/","title":{"rendered":"Certifik\u00e1ty"},"content":{"rendered":"<div class=\"wpb-content-wrapper\"><p>[vc_row][vc_column]\n\t\t\t<!-- START Certifikaty  CZ REVOLUTION SLIDER 6.6.14 --><p class=\"rs-p-wp-fix\"><\/p>\n\t\t\t<rs-module-wrap id=\"rev_slider_57_1_wrapper\" data-source=\"gallery\" style=\"visibility:hidden;background:transparent;padding:0;margin:0px auto;margin-top:0;margin-bottom:0;\">\n\t\t\t\t<rs-module id=\"rev_slider_57_1\" style=\"\" data-version=\"6.6.14\">\n\t\t\t\t\t<rs-slides style=\"overflow: hidden; position: absolute;\">\n\t\t\t\t\t\t<rs-slide style=\"position: absolute;\" data-key=\"rs-117\" data-title=\"Slide\" data-anim=\"ms:1000;r:0;\" data-in=\"o:0;\" data-out=\"a:false;\">\n\t\t\t\t\t\t\t<img decoding=\"async\" src=\"\/\/www.ais-systeme.de\/wp-content\/plugins\/revslider\/public\/assets\/assets\/dummy.png\" alt=\"\" title=\"Component 5 \u2013 31\" width=\"1921\" height=\"644\" class=\"rev-slidebg tp-rs-img rs-lazyload\" data-lazyload=\"\/\/www.ais-systeme.de\/wp-content\/uploads\/2022\/04\/Component-5-\u2013-31.png\" data-no-retina>\n<!--\t\t\t\t\t\t--><rs-zone id=\"rrzt_117\" class=\"rev_row_zone_top\" style=\"z-index: 14;\"><!--\n\n\t\t\t\t\t\t\t\t--><rs-row\n\t\t\t\t\t\t\t\t\tid=\"slider-57-slide-117-layer-0\" \n\t\t\t\t\t\t\t\t\tdata-type=\"row\"\n\t\t\t\t\t\t\t\t\tdata-xy=\"x:50px;y:50px;\"\n\t\t\t\t\t\t\t\t\tdata-rsp_bd=\"off\"\n\t\t\t\t\t\t\t\t\tdata-frame_0=\"o:1;\"\n\t\t\t\t\t\t\t\t\tdata-frame_999=\"o:0;st:w;sA:9000;\"\n\t\t\t\t\t\t\t\t\tstyle=\"z-index:1;\"\n\t\t\t\t\t\t\t\t><!--\n\t\t\t\t\t\t\t\t\t--><rs-column\n\t\t\t\t\t\t\t\t\t\tid=\"slider-57-slide-117-layer-1\" \n\t\t\t\t\t\t\t\t\t\tdata-type=\"column\"\n\t\t\t\t\t\t\t\t\t\tdata-xy=\"x:50px;y:50px;\"\n\t\t\t\t\t\t\t\t\t\tdata-rsp_bd=\"off\"\n\t\t\t\t\t\t\t\t\t\tdata-column=\"w:100%;\"\n\t\t\t\t\t\t\t\t\t\tdata-padding=\"t:10;r:10;b:10;l:10;\"\n\t\t\t\t\t\t\t\t\t\tdata-frame_0=\"o:1;\"\n\t\t\t\t\t\t\t\t\t\tdata-frame_999=\"o:0;st:w;sA:9000;\"\n\t\t\t\t\t\t\t\t\t\tstyle=\"z-index:2;width:100%;\"\n\t\t\t\t\t\t\t\t\t><!--\n\t\t\t\t\t\t\t\t\t\t--><rs-layer\n\t\t\t\t\t\t\t\t\t\t\tid=\"slider-57-slide-117-layer-4\" \n\t\t\t\t\t\t\t\t\t\t\tdata-type=\"text\"\n\t\t\t\t\t\t\t\t\t\t\tdata-color=\"#ffffff\"\n\t\t\t\t\t\t\t\t\t\t\tdata-rsp_ch=\"on\"\n\t\t\t\t\t\t\t\t\t\t\tdata-xy=\"x:0;y:0;\"\n\t\t\t\t\t\t\t\t\t\t\tdata-pos=\"r\"\n\t\t\t\t\t\t\t\t\t\t\tdata-text=\"w:normal;\"\n\t\t\t\t\t\t\t\t\t\t\tdata-margin=\"t:145;\"\n\t\t\t\t\t\t\t\t\t\t\tdata-frame_999=\"o:0;st:w;\"\n\t\t\t\t\t\t\t\t\t\t\tstyle=\"z-index:3;font-family:'Roboto';\"\n\t\t\t\t\t\t\t\t\t\t><span><span><a href=\"https:\/\/www.ais-systeme.de\/cs\/\">Home<\/a><\/span><\/span> \n\t\t\t\t\t\t\t\t\t\t<\/rs-layer><!--\n\n\t\t\t\t\t\t\t\t\t\t--><rs-layer\n\t\t\t\t\t\t\t\t\t\t\tid=\"slider-57-slide-117-layer-5\" \n\t\t\t\t\t\t\t\t\t\t\tdata-type=\"text\"\n\t\t\t\t\t\t\t\t\t\t\tdata-color=\"#ffffff\"\n\t\t\t\t\t\t\t\t\t\t\tdata-rsp_ch=\"on\"\n\t\t\t\t\t\t\t\t\t\t\tdata-xy=\"\"\n\t\t\t\t\t\t\t\t\t\t\tdata-pos=\"r\"\n\t\t\t\t\t\t\t\t\t\t\tdata-text=\"w:normal;s:50;l:60;fw:600;\"\n\t\t\t\t\t\t\t\t\t\t\tdata-margin=\"t:90;\"\n\t\t\t\t\t\t\t\t\t\t\tdata-frame_999=\"o:0;st:w;\"\n\t\t\t\t\t\t\t\t\t\t\tstyle=\"z-index:4;font-family:'TT Hoves';\"\n\t\t\t\t\t\t\t\t\t\t>Aktu\u00e1ln\u00ed certifikace<br \/>\nna\u0161ich lokalit \n\t\t\t\t\t\t\t\t\t\t<\/rs-layer><!--\n\t\t\t\t\t\t\t\t\t--><\/rs-column><!--\n\t\t\t\t\t\t\t\t--><\/rs-row><!--\n\t\t\t\t\t\t\t--><\/rs-zone><!--\n-->\t\t\t\t\t\t<\/rs-slide>\n\t\t\t\t\t<\/rs-slides>\n\t\t\t\t\t<rs-static-layers><!--\n\t\t\t\t\t--><\/rs-static-layers>\n\t\t\t\t<\/rs-module>\n\t\t\t\t<script>\n\t\t\t\t\tsetREVStartSize({c: 'rev_slider_57_1',rl:[1240,1024,778,480],el:[644],gw:[1640],gh:[644],type:'standard',justify:'',layout:'fullwidth',mh:\"0\"});if (window.RS_MODULES!==undefined && window.RS_MODULES.modules!==undefined && window.RS_MODULES.modules[\"revslider571\"]!==undefined) {window.RS_MODULES.modules[\"revslider571\"].once = false;window.revapi57 = undefined;if (window.RS_MODULES.checkMinimal!==undefined) window.RS_MODULES.checkMinimal()}\n\t\t\t\t<\/script>\n\t\t\t<\/rs-module-wrap>\n\t\t\t<!-- END REVOLUTION SLIDER -->\n[vc_empty_space height=&#8220;100px&#8220;][\/vc_column][\/vc_row][vc_row][vc_column][vc_column_text]<\/p>\n<h5><span style=\"color: #b90a16;\"><span class=\"NormalTextRun SCXW258596129 BCX0\">Aktu\u00e1ln\u00ed certifikace na\u0161ich lokalit<\/span><\/span><\/h5>\n<h2><span class=\"TextRun SCXW257129941 BCX0\" lang=\"EN\" xml:lang=\"EN\" data-contrast=\"none\"><span class=\"NormalTextRun SCXW257129941 BCX0\" data-ccp-parastyle=\"heading 2\">Certifik\u00e1ty<\/span><\/span><\/h2>\n<p><span class=\"TextRun SCXW68898132 BCX0\" lang=\"EN\" xml:lang=\"EN\" data-contrast=\"auto\"><span class=\"NormalTextRun SCXW68898132 BCX0\">V\u0161echny na\u0161e evropsk\u00e9 pobo\u010dky jsou certifikov\u00e1ny podle IATF 16949 (Automotive Quality Management). Krom\u011b toho v\u00fdrobn\u00ed z\u00e1vod v N\u011bmecku spl\u0148uje po\u017eadavky ISO 14001 (environment\u00e1ln\u00ed management) a ISO 50001 (energetick\u00fd management). Abychom dodr\u017eeli environment\u00e1ln\u00ed aspekt, postupn\u011b z\u00edsk\u00e1v\u00e1me certifikaci ISO 14001 i pro na\u0161e dal\u0161\u00ed evropsk\u00e9 z\u00e1vody.<\/span><\/span><span class=\"EOP SCXW68898132 BCX0\" data-ccp-props=\"{&quot;335551550&quot;:1,&quot;335551620&quot;:1}\">\u00a0<\/span>[\/vc_column_text][vc_column_text]<\/p>\n<h5><span style=\"color: #b90a16;\"><span class=\"NormalTextRun SCXW4451554 BCX0\">AIS Automotive Interior<br \/>\nSystems Schleiz GmbH<\/span><\/span><\/h5>\n<p>[\/vc_column_text][dhsv_vc_zertifikate docs=&#8220;%5B%7B%22name%22%3A%22IATF%2016949%22%2C%22doc_preview%22%3A%221868%22%2C%22document%22%3A%221868%22%7D%2C%7B%22name%22%3A%22ISO%2014001%22%2C%22doc_preview%22%3A%221874%22%2C%22document%22%3A%221874%22%7D%2C%7B%22name%22%3A%22ISO%2050001%22%2C%22doc_preview%22%3A%221866%22%2C%22document%22%3A%221866%22%7D%5D&#8220;][vc_column_text]<\/p>\n<h5><span style=\"color: #b90a16;\"><span class=\"NormalTextRun SCXW4451554 BCX0\">AIS Automotive Interior<br \/>\nSystems Portugal Lda.<\/span><\/span><\/h5>\n<p>[\/vc_column_text][dhsv_vc_zertifikate docs=&#8220;%5B%7B%22name%22%3A%22IATF%2016949%22%2C%22doc_preview%22%3A%221876%22%2C%22document%22%3A%221876%22%7D%5D&#8220;][vc_column_text]<\/p>\n<h5><span style=\"color: #b90a16;\"><span class=\"NormalTextRun SCXW4451554 BCX0\">AIS Automotive Interior<br \/>\nSystems s.r.o.<\/span><\/span><\/h5>\n<p>[\/vc_column_text][dhsv_vc_zertifikate docs=&#8220;%5B%7B%22name%22%3A%22IATF%2016949%22%2C%22doc_preview%22%3A%221872%22%2C%22document%22%3A%221872%22%7D%2C%7B%22name%22%3A%22ISO%2014001%3A2015%22%2C%22doc_preview%22%3A%222977%22%2C%22document%22%3A%222998%22%7D%2C%7B%22name%22%3A%22Politika%20EMS%22%2C%22doc_preview%22%3A%223088%22%2C%22document%22%3A%224502%22%7D%5D&#8220;][vc_column_text]<\/p>\n<h5><span style=\"color: #b90a16;\"><span class=\"NormalTextRun SCXW4451554 BCX0\">AIS Automotive Interior<br \/>\nSystems Slovakia s.r.o.<\/span><\/span><\/h5>\n<p>[\/vc_column_text][dhsv_vc_zertifikate docs=&#8220;%5B%7B%22name%22%3A%22IATF%2016949%22%2C%22doc_preview%22%3A%221870%22%2C%22document%22%3A%221870%22%7D%5D&#8220;][vc_column_text]<\/p>\n<h5><span style=\"color: #b90a16;\"><span class=\"NormalTextRun SCXW4451554 BCX0\">OOO AIS Automotive Interior<br \/>\nSystems<\/span><\/span><\/h5>\n<p>[\/vc_column_text][dhsv_vc_zertifikate docs=&#8220;%5B%7B%22name%22%3A%22IATF%2016949%22%2C%22doc_preview%22%3A%221878%22%2C%22document%22%3A%221878%22%7D%5D&#8220;][vc_empty_space height=&#8220;100px&#8220;][\/vc_column][\/vc_row][vc_row disable_element=&#8220;yes&#8220;][vc_column width=&#8220;2\/3&#8243;][vc_column_text]<\/p>\n<h5><span style=\"color: #b90a16;\"><span class=\"NormalTextRun SCXW4451554 BCX0\">AIS Automotive Interior<br \/>\nSystems Schleiz GmbH<\/span><\/span><\/h5>\n<p>[\/vc_column_text][vc_row_inner][vc_column_inner width=&#8220;1\/2&#8243;][vc_single_image image=&#8220;3416&#8243; img_size=&#8220;large&#8220; add_caption=&#8220;yes&#8220; onclick=&#8220;custom_link&#8220;][\/vc_column_inner][vc_column_inner width=&#8220;1\/2&#8243;][vc_single_image image=&#8220;3411&#8243; img_size=&#8220;large&#8220;][\/vc_column_inner][\/vc_row_inner][\/vc_column][vc_column width=&#8220;1\/3&#8243;][\/vc_column][\/vc_row][vc_row disable_element=&#8220;yes&#8220;][vc_column][vc_empty_space height=&#8220;50px&#8220;][\/vc_column][\/vc_row][vc_row disable_element=&#8220;yes&#8220;][vc_column width=&#8220;1\/3&#8243;][vc_column_text]<\/p>\n<h5><span style=\"color: #b90a16;\"><span class=\"NormalTextRun SCXW4451554 BCX0\">AIS Automotive Interior<br \/>\nSystems Schleiz GmbH<\/span><\/span><\/h5>\n<p>[\/vc_column_text][vc_row_inner][vc_column_inner width=&#8220;1\/2&#8243;][vc_single_image image=&#8220;3411&#8243; img_size=&#8220;large&#8220;][\/vc_column_inner][vc_column_inner width=&#8220;1\/2&#8243;][\/vc_column_inner][\/vc_row_inner][\/vc_column][vc_column width=&#8220;1\/3&#8243;][vc_column_text]<\/p>\n<h5><span style=\"color: #b90a16;\"><span class=\"NormalTextRun SCXW4451554 BCX0\">AIS Automotive Interior<br \/>\nSystems Schleiz GmbH<\/span><\/span><\/h5>\n<p>[\/vc_column_text][vc_row_inner][vc_column_inner width=&#8220;1\/2&#8243;][vc_single_image image=&#8220;3411&#8243; img_size=&#8220;large&#8220;][\/vc_column_inner][\/vc_row_inner][\/vc_column][vc_column width=&#8220;1\/3&#8243;][\/vc_column][\/vc_row][vc_row disable_element=&#8220;yes&#8220;][vc_column][vc_empty_space height=&#8220;100px&#8220;][\/vc_column][\/vc_row]<\/p>\n<\/div>","protected":false},"excerpt":{"rendered":"<p>[vc_row][vc_column][vc_empty_space height=&#8220;100px&#8220;][\/vc_column][\/vc_row][vc_row][vc_column][vc_column_text] Aktu\u00e1ln\u00ed certifikace na\u0161ich lokalit Certifik\u00e1ty V\u0161echny na\u0161e evropsk\u00e9 pobo\u010dky jsou certifikov\u00e1ny podle IATF 16949 (Automotive Quality Management). Krom\u011b toho v\u00fdrobn\u00ed z\u00e1vod v N\u011bmecku spl\u0148uje po\u017eadavky ISO 14001 (environment\u00e1ln\u00ed management) a ISO 50001 (energetick\u00fd management). Abychom dodr\u017eeli environment\u00e1ln\u00ed aspekt, postupn\u011b z\u00edsk\u00e1v\u00e1me certifikaci ISO 14001 i pro na\u0161e dal\u0161\u00ed evropsk\u00e9 z\u00e1vody.\u00a0[\/vc_column_text][vc_column_text] AIS Automotive Interior Systems<\/p>\n","protected":false},"author":1,"featured_media":0,"parent":0,"menu_order":0,"comment_status":"closed","ping_status":"closed","template":"","meta":{"_acf_changed":false,"inline_featured_image":false,"footnotes":""},"class_list":["post-3566","page","type-page","status-publish","hentry"],"acf":[],"yoast_head":"<!-- This site is optimized with the Yoast SEO Premium plugin v27.3 (Yoast SEO v27.3) - https:\/\/yoast.com\/product\/yoast-seo-premium-wordpress\/ -->\n<title>Certifik\u00e1ty - AIS - Automotive Interior Systems GmbH<\/title>\n<meta name=\"robots\" content=\"index, follow, max-snippet:-1, max-image-preview:large, max-video-preview:-1\" \/>\n<link rel=\"canonical\" href=\"https:\/\/www.ais-systeme.de\/cs\/certifikaty\/\" \/>\n<meta property=\"og:locale\" content=\"cs_CZ\" \/>\n<meta property=\"og:type\" content=\"article\" \/>\n<meta property=\"og:title\" content=\"Certifik\u00e1ty\" \/>\n<meta property=\"og:description\" content=\"[vc_row][vc_column][vc_empty_space height=&#8220;100px&#8220;][\/vc_column][\/vc_row][vc_row][vc_column][vc_column_text] Aktu\u00e1ln\u00ed certifikace na\u0161ich lokalit Certifik\u00e1ty V\u0161echny na\u0161e evropsk\u00e9 pobo\u010dky jsou certifikov\u00e1ny podle IATF 16949 (Automotive Quality Management). Krom\u011b toho v\u00fdrobn\u00ed z\u00e1vod v N\u011bmecku spl\u0148uje po\u017eadavky ISO 14001 (environment\u00e1ln\u00ed management) a ISO 50001 (energetick\u00fd management). Abychom dodr\u017eeli environment\u00e1ln\u00ed aspekt, postupn\u011b z\u00edsk\u00e1v\u00e1me certifikaci ISO 14001 i pro na\u0161e dal\u0161\u00ed evropsk\u00e9 z\u00e1vody.\u00a0[\/vc_column_text][vc_column_text] AIS Automotive Interior Systems\" \/>\n<meta property=\"og:url\" content=\"https:\/\/www.ais-systeme.de\/cs\/certifikaty\/\" \/>\n<meta property=\"og:site_name\" content=\"AIS - Automotive Interior Systems GmbH\" \/>\n<meta property=\"article:modified_time\" content=\"2024-08-28T09:26:22+00:00\" \/>\n<meta name=\"twitter:card\" content=\"summary_large_image\" \/>\n<script type=\"application\/ld+json\" class=\"yoast-schema-graph\">{\"@context\":\"https:\\\/\\\/schema.org\",\"@graph\":[{\"@type\":\"WebPage\",\"@id\":\"https:\\\/\\\/www.ais-systeme.de\\\/cs\\\/certifikaty\\\/\",\"url\":\"https:\\\/\\\/www.ais-systeme.de\\\/cs\\\/certifikaty\\\/\",\"name\":\"Certifik\u00e1ty - AIS - Automotive Interior Systems GmbH\",\"isPartOf\":{\"@id\":\"https:\\\/\\\/www.ais-systeme.de\\\/#website\"},\"datePublished\":\"2023-03-14T13:01:46+00:00\",\"dateModified\":\"2024-08-28T09:26:22+00:00\",\"breadcrumb\":{\"@id\":\"https:\\\/\\\/www.ais-systeme.de\\\/cs\\\/certifikaty\\\/#breadcrumb\"},\"inLanguage\":\"cs\",\"potentialAction\":[{\"@type\":\"ReadAction\",\"target\":[\"https:\\\/\\\/www.ais-systeme.de\\\/cs\\\/certifikaty\\\/\"]}]},{\"@type\":\"BreadcrumbList\",\"@id\":\"https:\\\/\\\/www.ais-systeme.de\\\/cs\\\/certifikaty\\\/#breadcrumb\",\"itemListElement\":[{\"@type\":\"ListItem\",\"position\":1,\"name\":\"Home\",\"item\":\"https:\\\/\\\/www.ais-systeme.de\\\/cs\\\/\"},{\"@type\":\"ListItem\",\"position\":2,\"name\":\"Certifik\u00e1ty\"}]},{\"@type\":\"WebSite\",\"@id\":\"https:\\\/\\\/www.ais-systeme.de\\\/#website\",\"url\":\"https:\\\/\\\/www.ais-systeme.de\\\/\",\"name\":\"AIS - Automotive Interior Systems GmbH\",\"description\":\"\",\"publisher\":{\"@id\":\"https:\\\/\\\/www.ais-systeme.de\\\/#organization\"},\"potentialAction\":[{\"@type\":\"SearchAction\",\"target\":{\"@type\":\"EntryPoint\",\"urlTemplate\":\"https:\\\/\\\/www.ais-systeme.de\\\/?s={search_term_string}\"},\"query-input\":{\"@type\":\"PropertyValueSpecification\",\"valueRequired\":true,\"valueName\":\"search_term_string\"}}],\"inLanguage\":\"cs\"},{\"@type\":\"Organization\",\"@id\":\"https:\\\/\\\/www.ais-systeme.de\\\/#organization\",\"name\":\"AIS - Automotive Interior Systems GmbH\",\"url\":\"https:\\\/\\\/www.ais-systeme.de\\\/\",\"logo\":{\"@type\":\"ImageObject\",\"inLanguage\":\"cs\",\"@id\":\"https:\\\/\\\/www.ais-systeme.de\\\/#\\\/schema\\\/logo\\\/image\\\/\",\"url\":\"https:\\\/\\\/www.ais-systeme.de\\\/wp-content\\\/uploads\\\/2022\\\/05\\\/AIS_logo_hell.svg\",\"contentUrl\":\"https:\\\/\\\/www.ais-systeme.de\\\/wp-content\\\/uploads\\\/2022\\\/05\\\/AIS_logo_hell.svg\",\"width\":175,\"height\":55,\"caption\":\"AIS - Automotive Interior Systems GmbH\"},\"image\":{\"@id\":\"https:\\\/\\\/www.ais-systeme.de\\\/#\\\/schema\\\/logo\\\/image\\\/\"},\"sameAs\":[\"https:\\\/\\\/de.linkedin.com\\\/company\\\/ais-automotive-interior-systems-gmbh\",\"https:\\\/\\\/www.xing.com\\\/pages\\\/ais-automotive-interior-systems-gmbh\"]}]}<\/script>\n<!-- \/ Yoast SEO Premium plugin. -->","yoast_head_json":{"title":"Certifik\u00e1ty - AIS - Automotive Interior Systems GmbH","robots":{"index":"index","follow":"follow","max-snippet":"max-snippet:-1","max-image-preview":"max-image-preview:large","max-video-preview":"max-video-preview:-1"},"canonical":"https:\/\/www.ais-systeme.de\/cs\/certifikaty\/","og_locale":"cs_CZ","og_type":"article","og_title":"Certifik\u00e1ty","og_description":"[vc_row][vc_column][vc_empty_space height=&#8220;100px&#8220;][\/vc_column][\/vc_row][vc_row][vc_column][vc_column_text] Aktu\u00e1ln\u00ed certifikace na\u0161ich lokalit Certifik\u00e1ty V\u0161echny na\u0161e evropsk\u00e9 pobo\u010dky jsou certifikov\u00e1ny podle IATF 16949 (Automotive Quality Management). Krom\u011b toho v\u00fdrobn\u00ed z\u00e1vod v N\u011bmecku spl\u0148uje po\u017eadavky ISO 14001 (environment\u00e1ln\u00ed management) a ISO 50001 (energetick\u00fd management). Abychom dodr\u017eeli environment\u00e1ln\u00ed aspekt, postupn\u011b z\u00edsk\u00e1v\u00e1me certifikaci ISO 14001 i pro na\u0161e dal\u0161\u00ed evropsk\u00e9 z\u00e1vody.\u00a0[\/vc_column_text][vc_column_text] AIS Automotive Interior Systems","og_url":"https:\/\/www.ais-systeme.de\/cs\/certifikaty\/","og_site_name":"AIS - Automotive Interior Systems GmbH","article_modified_time":"2024-08-28T09:26:22+00:00","twitter_card":"summary_large_image","schema":{"@context":"https:\/\/schema.org","@graph":[{"@type":"WebPage","@id":"https:\/\/www.ais-systeme.de\/cs\/certifikaty\/","url":"https:\/\/www.ais-systeme.de\/cs\/certifikaty\/","name":"Certifik\u00e1ty - AIS - Automotive Interior Systems GmbH","isPartOf":{"@id":"https:\/\/www.ais-systeme.de\/#website"},"datePublished":"2023-03-14T13:01:46+00:00","dateModified":"2024-08-28T09:26:22+00:00","breadcrumb":{"@id":"https:\/\/www.ais-systeme.de\/cs\/certifikaty\/#breadcrumb"},"inLanguage":"cs","potentialAction":[{"@type":"ReadAction","target":["https:\/\/www.ais-systeme.de\/cs\/certifikaty\/"]}]},{"@type":"BreadcrumbList","@id":"https:\/\/www.ais-systeme.de\/cs\/certifikaty\/#breadcrumb","itemListElement":[{"@type":"ListItem","position":1,"name":"Home","item":"https:\/\/www.ais-systeme.de\/cs\/"},{"@type":"ListItem","position":2,"name":"Certifik\u00e1ty"}]},{"@type":"WebSite","@id":"https:\/\/www.ais-systeme.de\/#website","url":"https:\/\/www.ais-systeme.de\/","name":"AIS - Automotive Interior Systems GmbH","description":"","publisher":{"@id":"https:\/\/www.ais-systeme.de\/#organization"},"potentialAction":[{"@type":"SearchAction","target":{"@type":"EntryPoint","urlTemplate":"https:\/\/www.ais-systeme.de\/?s={search_term_string}"},"query-input":{"@type":"PropertyValueSpecification","valueRequired":true,"valueName":"search_term_string"}}],"inLanguage":"cs"},{"@type":"Organization","@id":"https:\/\/www.ais-systeme.de\/#organization","name":"AIS - Automotive Interior Systems GmbH","url":"https:\/\/www.ais-systeme.de\/","logo":{"@type":"ImageObject","inLanguage":"cs","@id":"https:\/\/www.ais-systeme.de\/#\/schema\/logo\/image\/","url":"https:\/\/www.ais-systeme.de\/wp-content\/uploads\/2022\/05\/AIS_logo_hell.svg","contentUrl":"https:\/\/www.ais-systeme.de\/wp-content\/uploads\/2022\/05\/AIS_logo_hell.svg","width":175,"height":55,"caption":"AIS - Automotive Interior Systems GmbH"},"image":{"@id":"https:\/\/www.ais-systeme.de\/#\/schema\/logo\/image\/"},"sameAs":["https:\/\/de.linkedin.com\/company\/ais-automotive-interior-systems-gmbh","https:\/\/www.xing.com\/pages\/ais-automotive-interior-systems-gmbh"]}]}},"_links":{"self":[{"href":"https:\/\/www.ais-systeme.de\/cs\/wp-json\/wp\/v2\/pages\/3566","targetHints":{"allow":["GET"]}}],"collection":[{"href":"https:\/\/www.ais-systeme.de\/cs\/wp-json\/wp\/v2\/pages"}],"about":[{"href":"https:\/\/www.ais-systeme.de\/cs\/wp-json\/wp\/v2\/types\/page"}],"author":[{"embeddable":true,"href":"https:\/\/www.ais-systeme.de\/cs\/wp-json\/wp\/v2\/users\/1"}],"replies":[{"embeddable":true,"href":"https:\/\/www.ais-systeme.de\/cs\/wp-json\/wp\/v2\/comments?post=3566"}],"version-history":[{"count":5,"href":"https:\/\/www.ais-systeme.de\/cs\/wp-json\/wp\/v2\/pages\/3566\/revisions"}],"predecessor-version":[{"id":4509,"href":"https:\/\/www.ais-systeme.de\/cs\/wp-json\/wp\/v2\/pages\/3566\/revisions\/4509"}],"wp:attachment":[{"href":"https:\/\/www.ais-systeme.de\/cs\/wp-json\/wp\/v2\/media?parent=3566"}],"curies":[{"name":"wp","href":"https:\/\/api.w.org\/{rel}","templated":true}]}}