{"id":3597,"date":"2023-03-14T15:09:24","date_gmt":"2023-03-14T15:09:24","guid":{"rendered":"https:\/\/www.ais-systeme.de\/?page_id=3597"},"modified":"2023-03-29T12:44:55","modified_gmt":"2023-03-29T12:44:55","slug":"projektovy-management","status":"publish","type":"page","link":"https:\/\/www.ais-systeme.de\/cs\/prehled\/projektovy-management\/","title":{"rendered":"Projektov\u00fd management"},"content":{"rendered":"<div class=\"wpb-content-wrapper\"><p>[vc_row full_width=&#8220;stretch_row_content_no_spaces&#8220;][vc_column]\n\t\t\t<!-- START Projektov\u00fd management  CZ REVOLUTION SLIDER 6.6.14 --><p class=\"rs-p-wp-fix\"><\/p>\n\t\t\t<rs-module-wrap id=\"rev_slider_50_1_wrapper\" data-source=\"gallery\" style=\"visibility:hidden;background:transparent;padding:0px;margin:0px auto;margin-top:0px;margin-bottom:0px;\">\n\t\t\t\t<rs-module id=\"rev_slider_50_1\" style=\"\" data-version=\"6.6.14\">\n\t\t\t\t\t<rs-slides style=\"overflow: hidden; position: absolute;\">\n\t\t\t\t\t\t<rs-slide style=\"position: absolute;\" data-key=\"rs-106\" data-title=\"Slide\" data-in=\"x:(100%);\">\n\t\t\t\t\t\t\t<img decoding=\"async\" src=\"\/\/www.ais-systeme.de\/wp-content\/plugins\/revslider\/public\/assets\/assets\/dummy.png\" alt=\"\" title=\"Projektmanagement-Header\" width=\"1921\" height=\"975\" class=\"rev-slidebg tp-rs-img rs-lazyload\" data-lazyload=\"\/\/www.ais-systeme.de\/wp-content\/uploads\/2022\/07\/Projektmanagement-Header.jpg\" data-no-retina>\n<!--\t\t\t\t\t\t--><rs-zone id=\"rrzt_106\" class=\"rev_row_zone_top\" style=\"z-index: 11;\"><!--\n\n\t\t\t\t\t\t\t\t--><rs-row\n\t\t\t\t\t\t\t\t\tid=\"slider-50-slide-106-layer-12\" \n\t\t\t\t\t\t\t\t\tdata-type=\"row\"\n\t\t\t\t\t\t\t\t\tdata-xy=\"xo:50px,31px,23px,14px;yo:123px,76px,57px,35px;\"\n\t\t\t\t\t\t\t\t\tdata-text=\"s:20,12,9,5;l:0,15,11,6;\"\n\t\t\t\t\t\t\t\t\tdata-rsp_bd=\"off\"\n\t\t\t\t\t\t\t\t\tdata-frame_0=\"o:1;\"\n\t\t\t\t\t\t\t\t\tdata-frame_999=\"o:0;st:w;sA:9000;\"\n\t\t\t\t\t\t\t\t\tstyle=\"z-index:1;\"\n\t\t\t\t\t\t\t\t><!--\n\t\t\t\t\t\t\t\t\t--><rs-column\n\t\t\t\t\t\t\t\t\t\tid=\"slider-50-slide-106-layer-13\" \n\t\t\t\t\t\t\t\t\t\tdata-type=\"column\"\n\t\t\t\t\t\t\t\t\t\tdata-xy=\"xo:50px;yo:123px;\"\n\t\t\t\t\t\t\t\t\t\tdata-rsp_bd=\"off\"\n\t\t\t\t\t\t\t\t\t\tdata-column=\"w:100%;\"\n\t\t\t\t\t\t\t\t\t\tdata-padding=\"t:10;r:10;b:10;l:10;\"\n\t\t\t\t\t\t\t\t\t\tdata-frame_0=\"o:1;\"\n\t\t\t\t\t\t\t\t\t\tdata-frame_999=\"o:0;st:w;sA:9000;\"\n\t\t\t\t\t\t\t\t\t\tstyle=\"z-index:2;width:100%;\"\n\t\t\t\t\t\t\t\t\t><!--\n\t\t\t\t\t\t\t\t\t\t--><rs-layer\n\t\t\t\t\t\t\t\t\t\t\tid=\"slider-50-slide-106-layer-24\" \n\t\t\t\t\t\t\t\t\t\t\tdata-type=\"text\"\n\t\t\t\t\t\t\t\t\t\t\tdata-rsp_ch=\"on\"\n\t\t\t\t\t\t\t\t\t\t\tdata-xy=\"\"\n\t\t\t\t\t\t\t\t\t\t\tdata-pos=\"r\"\n\t\t\t\t\t\t\t\t\t\t\tdata-text=\"w:normal;s:20,12,9,5;l:25,15,11,6;\"\n\t\t\t\t\t\t\t\t\t\t\tdata-margin=\"t:150,94,71,44;\"\n\t\t\t\t\t\t\t\t\t\t\tdata-frame_999=\"o:0;st:w;\"\n\t\t\t\t\t\t\t\t\t\t\tstyle=\"z-index:3;font-family:'Roboto';\"\n\t\t\t\t\t\t\t\t\t\t><span><span><a href=\"https:\/\/www.ais-systeme.de\/cs\/\">Home<\/a><\/span><\/span> \n\t\t\t\t\t\t\t\t\t\t<\/rs-layer><!--\n\n\t\t\t\t\t\t\t\t\t\t--><rs-layer\n\t\t\t\t\t\t\t\t\t\t\tid=\"slider-50-slide-106-layer-8\" \n\t\t\t\t\t\t\t\t\t\t\tdata-type=\"text\"\n\t\t\t\t\t\t\t\t\t\t\tdata-xy=\"\"\n\t\t\t\t\t\t\t\t\t\t\tdata-pos=\"r\"\n\t\t\t\t\t\t\t\t\t\t\tdata-text=\"w:normal;s:75,75,75,42;l:90,90,90,42;fw:600;\"\n\t\t\t\t\t\t\t\t\t\t\tdata-rsp_o=\"off\"\n\t\t\t\t\t\t\t\t\t\t\tdata-rsp_bd=\"off\"\n\t\t\t\t\t\t\t\t\t\t\tdata-margin=\"t:200,200,200,120;\"\n\t\t\t\t\t\t\t\t\t\t\tdata-frame_999=\"o:0;st:w;\"\n\t\t\t\t\t\t\t\t\t\t\tstyle=\"z-index:4;font-family:'TT Hoves';\"\n\t\t\t\t\t\t\t\t\t\t>Projektov\u00fd management \n\t\t\t\t\t\t\t\t\t\t<\/rs-layer><!--\n\t\t\t\t\t\t\t\t\t--><\/rs-column><!--\n\t\t\t\t\t\t\t\t--><\/rs-row><!--\n\t\t\t\t\t\t\t--><\/rs-zone><!--\n-->\t\t\t\t\t\t<\/rs-slide>\n\t\t\t\t\t<\/rs-slides>\n\t\t\t\t\t<rs-static-layers><!--\n\t\t\t\t\t--><\/rs-static-layers>\n\t\t\t\t<\/rs-module>\n\t\t\t\t<script>\n\t\t\t\t\tsetREVStartSize({c: 'rev_slider_50_1',rl:[1240,1024,778,480],el:[975,768,960,720],gw:[1640,1024,778,480],gh:[975,768,960,720],type:'standard',justify:'',layout:'fullwidth',mh:\"0\"});if (window.RS_MODULES!==undefined && window.RS_MODULES.modules!==undefined && window.RS_MODULES.modules[\"revslider501\"]!==undefined) {window.RS_MODULES.modules[\"revslider501\"].once = false;window.revapi50 = undefined;if (window.RS_MODULES.checkMinimal!==undefined) window.RS_MODULES.checkMinimal()}\n\t\t\t\t<\/script>\n\t\t\t<\/rs-module-wrap>\n\t\t\t<!-- END REVOLUTION SLIDER -->\n[\/vc_column][\/vc_row][vc_row][vc_column][vc_empty_space height=&#8220;60px&#8220;][\/vc_column][vc_column width=&#8220;5\/12&#8243;][vc_column_text]<\/p>\n<h5><span style=\"color: #b90a16;\">Na\u0161e odborn\u00e9 znalosti<\/span><\/h5>\n<h2>Prvot\u0159\u00eddn\u00ed \u0159\u00edzen\u00ed projekt\u016f pro optim\u00e1ln\u00ed za\u010d\u00e1tek v\u00fdroby<\/h2>\n<p><span class=\"HwtZe\" lang=\"cs\"><span class=\"jCAhz ChMk0b\"><span class=\"ryNqvb\">Od za\u010d\u00e1tku projektu je n\u00e1\u0161 z\u00e1kazn\u00edk doprov\u00e1zen na\u0161\u00edm mezin\u00e1rodn\u00edm t\u00fdmem.<\/span><\/span> <span class=\"jCAhz ChMk0b\"><span class=\"ryNqvb\">Jsou to technicky vy\u0161kolen\u00ed a zku\u0161en\u00ed zam\u011bstnanci.<\/span><\/span> <span class=\"jCAhz ChMk0b\"><span class=\"ryNqvb\">N\u00e1\u0161 t\u00fdm back-office je k dispozici pro podporu v\u00e1s v technick\u00fdch a administrativn\u00edch z\u00e1le\u017eitostech.<\/span><\/span><\/span><\/p>\n<p><span class=\"HwtZe\" lang=\"cs\"><span class=\"jCAhz ChMk0b\"><span class=\"ryNqvb\">Ve f\u00e1zi p\u0159ed s\u00e9rie p\u0159eb\u00edr\u00e1 n\u00e1\u0161 t\u00fdm \u0159\u00edzen\u00ed projekt\u016f podporu.<\/span><\/span> <span class=\"jCAhz ChMk0b\"><span class=\"ryNqvb\">N\u00e1\u0161 projektov\u00fd management podporuje n\u00e1\u0161 intern\u00ed t\u00fdm specialist\u016f b\u011bhem cel\u00e9ho v\u00fdvojov\u00e9ho obdob\u00ed, po\u010d\u00ednaje prvn\u00edm designem CAD a\u017e do hotov\u00e9 komponenty.<\/span><\/span> <span class=\"jCAhz ChMk0b\"><span class=\"ryNqvb\">Na\u0161e prodejn\u00ed odd\u011blen\u00ed je kontaktn\u00edm m\u00edstem od za\u010d\u00e1tku s\u00e9rie, dokud se produkt nevy\u0159ad\u00ed.<\/span><\/span><\/span><\/p>\n<p><span class=\"HwtZe\" lang=\"cs\"><span class=\"jCAhz ChMk0b\"><span class=\"ryNqvb\">B\u011bhem v\u00fdvojov\u00e9ho procesu je t\u0159eba dos\u00e1hnout mnoha miln\u00edk\u016f, kter\u00e9 umo\u017e\u0148uj\u00ed optim\u00e1ln\u00ed v\u00fdrobu.<\/span><\/span> <span class=\"jCAhz ChMk0b\"><span class=\"ryNqvb\">Prost\u0159ednictv\u00edm na\u0161eho systematick\u00e9ho miln\u00edkov\u00e9ho pl\u00e1nov\u00e1n\u00ed se v ka\u017ed\u00e9 f\u00e1zi projektu sna\u017e\u00edme neust\u00e1l\u00e9 zlep\u0161ov\u00e1n\u00ed a dokonalost.<\/span><\/span> <span class=\"jCAhz ChMk0b\"><span class=\"ryNqvb\">Nakonec velk\u00fd t\u00fdmov\u00fd duch ve skupin\u011b AIS n\u00e1m umo\u017e\u0148uje \u00fasp\u011b\u0161n\u011b dokon\u010dit ka\u017ed\u00fd projekt a prov\u00e1d\u011bt n\u00e1\u0161 kvalitn\u00ed koncept ve v\u0161ech vozidlech.<\/span><\/span><\/span>[\/vc_column_text][\/vc_column][vc_column width=&#8220;1\/12&#8243;][\/vc_column][vc_column width=&#8220;1\/2&#8243;][vc_row_inner][vc_column_inner offset=&#8220;vc_hidden-sm vc_hidden-xs&#8220;][vc_empty_space height=&#8220;200px&#8220;][\/vc_column_inner][\/vc_row_inner][vc_single_image image=&#8220;3378&#8243; img_size=&#8220;full&#8220;][\/vc_column][vc_column][vc_empty_space height=&#8220;60px&#8220;][\/vc_column][\/vc_row][vc_row disable_element=&#8220;yes&#8220;][vc_column][dhsv_vc_image_text type=&#8220;v2&#8243; image_alignment=&#8220;image_right&#8220; main_image=&#8220;242&#8243;]<\/p>\n<h5><span style=\"color: #b90a16;\"><span class=\"TextRun SCXW89979631 BCX0\" lang=\"EN\" xml:lang=\"EN\" data-contrast=\"auto\"><span class=\"NormalTextRun SCXW89979631 BCX0\">Our expertise<\/span><\/span><\/span><\/h5>\n<h2><span class=\"TextRun SCXW29953374 BCX0\" lang=\"EN\" xml:lang=\"EN\" data-contrast=\"auto\"><span class=\"NormalTextRun SCXW29953374 BCX0\">First-class project management for the optimal start of production<\/span><\/span><span class=\"EOP SCXW29953374 BCX0\" data-ccp-props=\"{&quot;335551550&quot;:1,&quot;335551620&quot;:1}\">\u00a0<\/span><\/h2>\n<p><span data-contrast=\"none\">From the start of the project, our customer is accompanied by our international team. These are technically trained and experienced employees. Our back-office team is available to support you with technical and administrative matters.<\/span><span data-ccp-props=\"{&quot;335551550&quot;:1,&quot;335551620&quot;:1}\">\u00a0<\/span><\/p>\n<p><span data-ccp-props=\"{&quot;335551550&quot;:1,&quot;335551620&quot;:1}\">\u00a0<\/span><\/p>\n<p><span data-contrast=\"none\">In the pre-series phase, our project management team takes over the support. Our project management is supported by our in-house team of specialists throughout the entire development period, starting with the first CAD design until the finished component. Our sales department is the point of contact from the beginning of the series until the product is phased out.<\/span><span data-ccp-props=\"{&quot;335551550&quot;:1,&quot;335551620&quot;:1}\">\u00a0<\/span><\/p>\n<p><span data-ccp-props=\"{&quot;335551550&quot;:1,&quot;335551620&quot;:1}\">\u00a0<\/span><\/p>\n<p><span data-contrast=\"none\">During the development process there are numerous milestones that must be reached to enable optimal production. Through our systematic milestone planning, we strive for continuous improvement and perfection in every project phase. Ultimately, the great team spirit within the AIS Group allows us to successfully complete every project and carries on our quality concept in all vehicles.<\/span>[\/dhsv_vc_image_text][\/vc_column][\/vc_row][vc_row][vc_column][vc_column_text css=&#8220;.vc_custom_1678806497708{padding-bottom: 0px !important;}&#8220;]<\/p>\n<h5><span style=\"color: #b90a16;\">Dal\u0161\u00ed kompetence<\/span><\/h5>\n<p>[\/vc_column_text][dhsv_vc_teaserboxes columns=&#8220;4&#8243; teasers=&#8220;%5B%7B%22image%22%3A%221009%22%2C%22title%22%3A%22V%C3%9DZKUM%20A%20V%C3%9DVOJ%22%2C%22description%22%3A%22Jak%20postupujete%20od%20n%C3%A1padu%20designu%20k%20dokon%C4%8Den%C3%A9%20vyvinut%C3%A9%20komponent%C4%9B%20a%20jak%C3%A9%20%C3%BAkoly%20vykon%C3%A1v%C3%A1%20na%C5%A1e%20odd%C4%9Blen%C3%AD%20pro%20v%C3%BDzkum%20a%20v%C3%BDvoj%20pro%20tento%20%C3%BA%C4%8Del%3F%22%2C%22button%22%3A%22url%3Ahttps%253A%252F%252Fwww.ais-systeme.de%252Fcs%252Fprehled%252Fvyzkum-a-vyvoj%252F%7Ctitle%3AP%25C5%2599e%25C4%258D%25C3%25ADst%2520v%25C3%25ADce%22%7D%2C%7B%22image%22%3A%221283%22%2C%22title%22%3A%22MANAGEMENT%20KVALITY%22%2C%22description%22%3A%22Jak%20zajist%C3%ADme%2C%20abychom%20ka%C5%BEd%C3%BD%20den%20spl%C5%88ovali%20na%C5%A1e%20vysoce%20kvalitn%C3%AD%20normy%3F%22%2C%22button%22%3A%22url%3Ahttps%253A%252F%252Fwww.ais-systeme.de%252Fcs%252Fprehled%252Fmanagement-kvality%252F%7Ctitle%3AP%25C5%2599e%25C4%258D%25C3%25ADst%2520v%25C3%25ADce%22%7D%2C%7B%22image%22%3A%221287%22%2C%22title%22%3A%22V%C3%9DROBA%20a%20v%C3%BDrobn%C3%AD%20procesy%22%2C%22description%22%3A%22Jak%20se%20na%C5%A1e%20v%C3%BDrobky%20vyr%C3%A1b%C4%9Bj%C3%AD%20pomoc%C3%AD%20nejnov%C4%9Bj%C5%A1%C3%ADch%20v%C3%BDrobn%C3%ADch%20technologi%C3%AD%20a%20kter%C3%A9%20v%C3%BDrobn%C3%AD%20procesy%20v%C5%A1ichni%20zvl%C3%A1dneme%3F%22%2C%22button%22%3A%22url%3Ahttps%253A%252F%252Fwww.ais-systeme.de%252Fcs%252Fprehled%252Fvyroba-a-vyrobni-procesy%252F%7Ctitle%3AP%25C5%2599e%25C4%258D%25C3%25ADst%2520v%25C3%25ADce%22%7D%2C%7B%22image%22%3A%221289%22%2C%22title%22%3A%22LOGISTIKA%22%2C%22description%22%3A%22Jak%20zajist%C3%ADme%2C%20aby%20se%20v%C5%A1echny%20na%C5%A1e%20v%C3%BDrobky%20efektivn%C4%9B%20a%20v%C4%8Das%20dos%C3%A1hly%20tov%C3%A1rny%20na%C5%A1ich%20z%C3%A1kazn%C3%ADk%C5%AF%3F%22%2C%22button%22%3A%22url%3Ahttps%253A%252F%252Fwww.ais-systeme.de%252Fcs%252Fprehled%252Flogistika%252F%7Ctitle%3AP%25C5%2599e%25C4%258D%25C3%25ADst%2520v%25C3%25ADce%22%7D%5D&#8220; posts=&#8220;post_type:page&#8220; subtitle=&#8220;Weitere Kompetenzen&#8220; css=&#8220;.vc_custom_1680093888361{padding-top: 0px !important;}&#8220;][\/vc_column][\/vc_row]<\/p>\n<\/div>","protected":false},"excerpt":{"rendered":"<p>[vc_row full_width=&#8220;stretch_row_content_no_spaces&#8220;][vc_column][\/vc_column][\/vc_row][vc_row][vc_column][vc_empty_space height=&#8220;60px&#8220;][\/vc_column][vc_column width=&#8220;5\/12&#8243;][vc_column_text] Na\u0161e odborn\u00e9 znalosti Prvot\u0159\u00eddn\u00ed \u0159\u00edzen\u00ed projekt\u016f pro optim\u00e1ln\u00ed za\u010d\u00e1tek v\u00fdroby Od za\u010d\u00e1tku projektu je n\u00e1\u0161 z\u00e1kazn\u00edk doprov\u00e1zen na\u0161\u00edm mezin\u00e1rodn\u00edm t\u00fdmem. Jsou to technicky vy\u0161kolen\u00ed a zku\u0161en\u00ed zam\u011bstnanci. N\u00e1\u0161 t\u00fdm back-office je k dispozici pro podporu v\u00e1s v technick\u00fdch a administrativn\u00edch z\u00e1le\u017eitostech. Ve f\u00e1zi p\u0159ed s\u00e9rie p\u0159eb\u00edr\u00e1 n\u00e1\u0161 t\u00fdm \u0159\u00edzen\u00ed projekt\u016f podporu.<\/p>\n","protected":false},"author":1,"featured_media":0,"parent":3607,"menu_order":0,"comment_status":"closed","ping_status":"closed","template":"","meta":{"_acf_changed":false,"inline_featured_image":false,"footnotes":""},"class_list":["post-3597","page","type-page","status-publish","hentry"],"acf":[],"yoast_head":"<!-- This site is optimized with the Yoast SEO Premium plugin v27.5 (Yoast SEO v27.5) - https:\/\/yoast.com\/product\/yoast-seo-premium-wordpress\/ -->\n<title>Projektov\u00fd management - AIS - Automotive Interior Systems GmbH<\/title>\n<meta name=\"robots\" content=\"index, follow, max-snippet:-1, max-image-preview:large, max-video-preview:-1\" \/>\n<link rel=\"canonical\" href=\"https:\/\/www.ais-systeme.de\/cs\/prehled\/projektovy-management\/\" \/>\n<meta property=\"og:locale\" content=\"cs_CZ\" \/>\n<meta property=\"og:type\" content=\"article\" \/>\n<meta property=\"og:title\" content=\"Projektov\u00fd management\" \/>\n<meta property=\"og:description\" content=\"[vc_row full_width=&#8220;stretch_row_content_no_spaces&#8220;][vc_column][\/vc_column][\/vc_row][vc_row][vc_column][vc_empty_space height=&#8220;60px&#8220;][\/vc_column][vc_column width=&#8220;5\/12&#8243;][vc_column_text] Na\u0161e odborn\u00e9 znalosti Prvot\u0159\u00eddn\u00ed \u0159\u00edzen\u00ed projekt\u016f pro optim\u00e1ln\u00ed za\u010d\u00e1tek v\u00fdroby Od za\u010d\u00e1tku projektu je n\u00e1\u0161 z\u00e1kazn\u00edk doprov\u00e1zen na\u0161\u00edm mezin\u00e1rodn\u00edm t\u00fdmem. Jsou to technicky vy\u0161kolen\u00ed a zku\u0161en\u00ed zam\u011bstnanci. N\u00e1\u0161 t\u00fdm back-office je k dispozici pro podporu v\u00e1s v technick\u00fdch a administrativn\u00edch z\u00e1le\u017eitostech. Ve f\u00e1zi p\u0159ed s\u00e9rie p\u0159eb\u00edr\u00e1 n\u00e1\u0161 t\u00fdm \u0159\u00edzen\u00ed projekt\u016f podporu.\" \/>\n<meta property=\"og:url\" content=\"https:\/\/www.ais-systeme.de\/cs\/prehled\/projektovy-management\/\" \/>\n<meta property=\"og:site_name\" content=\"AIS - Automotive Interior Systems GmbH\" \/>\n<meta property=\"article:modified_time\" content=\"2023-03-29T12:44:55+00:00\" \/>\n<meta name=\"twitter:card\" content=\"summary_large_image\" \/>\n<script type=\"application\/ld+json\" class=\"yoast-schema-graph\">{\"@context\":\"https:\\\/\\\/schema.org\",\"@graph\":[{\"@type\":\"WebPage\",\"@id\":\"https:\\\/\\\/www.ais-systeme.de\\\/cs\\\/prehled\\\/projektovy-management\\\/\",\"url\":\"https:\\\/\\\/www.ais-systeme.de\\\/cs\\\/prehled\\\/projektovy-management\\\/\",\"name\":\"Projektov\u00fd management - AIS - Automotive Interior Systems GmbH\",\"isPartOf\":{\"@id\":\"https:\\\/\\\/www.ais-systeme.de\\\/#website\"},\"datePublished\":\"2023-03-14T15:09:24+00:00\",\"dateModified\":\"2023-03-29T12:44:55+00:00\",\"breadcrumb\":{\"@id\":\"https:\\\/\\\/www.ais-systeme.de\\\/cs\\\/prehled\\\/projektovy-management\\\/#breadcrumb\"},\"inLanguage\":\"cs\",\"potentialAction\":[{\"@type\":\"ReadAction\",\"target\":[\"https:\\\/\\\/www.ais-systeme.de\\\/cs\\\/prehled\\\/projektovy-management\\\/\"]}]},{\"@type\":\"BreadcrumbList\",\"@id\":\"https:\\\/\\\/www.ais-systeme.de\\\/cs\\\/prehled\\\/projektovy-management\\\/#breadcrumb\",\"itemListElement\":[{\"@type\":\"ListItem\",\"position\":1,\"name\":\"Home\",\"item\":\"https:\\\/\\\/www.ais-systeme.de\\\/cs\\\/\"},{\"@type\":\"ListItem\",\"position\":2,\"name\":\"P\u0159ehled\",\"item\":\"https:\\\/\\\/www.ais-systeme.de\\\/cs\\\/prehled\\\/\"},{\"@type\":\"ListItem\",\"position\":3,\"name\":\"Projektov\u00fd management\"}]},{\"@type\":\"WebSite\",\"@id\":\"https:\\\/\\\/www.ais-systeme.de\\\/#website\",\"url\":\"https:\\\/\\\/www.ais-systeme.de\\\/\",\"name\":\"AIS - Automotive Interior Systems GmbH\",\"description\":\"\",\"publisher\":{\"@id\":\"https:\\\/\\\/www.ais-systeme.de\\\/#organization\"},\"potentialAction\":[{\"@type\":\"SearchAction\",\"target\":{\"@type\":\"EntryPoint\",\"urlTemplate\":\"https:\\\/\\\/www.ais-systeme.de\\\/?s={search_term_string}\"},\"query-input\":{\"@type\":\"PropertyValueSpecification\",\"valueRequired\":true,\"valueName\":\"search_term_string\"}}],\"inLanguage\":\"cs\"},{\"@type\":\"Organization\",\"@id\":\"https:\\\/\\\/www.ais-systeme.de\\\/#organization\",\"name\":\"AIS - Automotive Interior Systems GmbH\",\"url\":\"https:\\\/\\\/www.ais-systeme.de\\\/\",\"logo\":{\"@type\":\"ImageObject\",\"inLanguage\":\"cs\",\"@id\":\"https:\\\/\\\/www.ais-systeme.de\\\/#\\\/schema\\\/logo\\\/image\\\/\",\"url\":\"https:\\\/\\\/www.ais-systeme.de\\\/wp-content\\\/uploads\\\/2022\\\/05\\\/AIS_logo_hell.svg\",\"contentUrl\":\"https:\\\/\\\/www.ais-systeme.de\\\/wp-content\\\/uploads\\\/2022\\\/05\\\/AIS_logo_hell.svg\",\"width\":175,\"height\":55,\"caption\":\"AIS - Automotive Interior Systems GmbH\"},\"image\":{\"@id\":\"https:\\\/\\\/www.ais-systeme.de\\\/#\\\/schema\\\/logo\\\/image\\\/\"},\"sameAs\":[\"https:\\\/\\\/de.linkedin.com\\\/company\\\/ais-automotive-interior-systems-gmbh\",\"https:\\\/\\\/www.xing.com\\\/pages\\\/ais-automotive-interior-systems-gmbh\"]}]}<\/script>\n<!-- \/ Yoast SEO Premium plugin. -->","yoast_head_json":{"title":"Projektov\u00fd management - AIS - Automotive Interior Systems GmbH","robots":{"index":"index","follow":"follow","max-snippet":"max-snippet:-1","max-image-preview":"max-image-preview:large","max-video-preview":"max-video-preview:-1"},"canonical":"https:\/\/www.ais-systeme.de\/cs\/prehled\/projektovy-management\/","og_locale":"cs_CZ","og_type":"article","og_title":"Projektov\u00fd management","og_description":"[vc_row full_width=&#8220;stretch_row_content_no_spaces&#8220;][vc_column][\/vc_column][\/vc_row][vc_row][vc_column][vc_empty_space height=&#8220;60px&#8220;][\/vc_column][vc_column width=&#8220;5\/12&#8243;][vc_column_text] Na\u0161e odborn\u00e9 znalosti Prvot\u0159\u00eddn\u00ed \u0159\u00edzen\u00ed projekt\u016f pro optim\u00e1ln\u00ed za\u010d\u00e1tek v\u00fdroby Od za\u010d\u00e1tku projektu je n\u00e1\u0161 z\u00e1kazn\u00edk doprov\u00e1zen na\u0161\u00edm mezin\u00e1rodn\u00edm t\u00fdmem. Jsou to technicky vy\u0161kolen\u00ed a zku\u0161en\u00ed zam\u011bstnanci. N\u00e1\u0161 t\u00fdm back-office je k dispozici pro podporu v\u00e1s v technick\u00fdch a administrativn\u00edch z\u00e1le\u017eitostech. Ve f\u00e1zi p\u0159ed s\u00e9rie p\u0159eb\u00edr\u00e1 n\u00e1\u0161 t\u00fdm \u0159\u00edzen\u00ed projekt\u016f podporu.","og_url":"https:\/\/www.ais-systeme.de\/cs\/prehled\/projektovy-management\/","og_site_name":"AIS - Automotive Interior Systems GmbH","article_modified_time":"2023-03-29T12:44:55+00:00","twitter_card":"summary_large_image","schema":{"@context":"https:\/\/schema.org","@graph":[{"@type":"WebPage","@id":"https:\/\/www.ais-systeme.de\/cs\/prehled\/projektovy-management\/","url":"https:\/\/www.ais-systeme.de\/cs\/prehled\/projektovy-management\/","name":"Projektov\u00fd management - AIS - Automotive Interior Systems GmbH","isPartOf":{"@id":"https:\/\/www.ais-systeme.de\/#website"},"datePublished":"2023-03-14T15:09:24+00:00","dateModified":"2023-03-29T12:44:55+00:00","breadcrumb":{"@id":"https:\/\/www.ais-systeme.de\/cs\/prehled\/projektovy-management\/#breadcrumb"},"inLanguage":"cs","potentialAction":[{"@type":"ReadAction","target":["https:\/\/www.ais-systeme.de\/cs\/prehled\/projektovy-management\/"]}]},{"@type":"BreadcrumbList","@id":"https:\/\/www.ais-systeme.de\/cs\/prehled\/projektovy-management\/#breadcrumb","itemListElement":[{"@type":"ListItem","position":1,"name":"Home","item":"https:\/\/www.ais-systeme.de\/cs\/"},{"@type":"ListItem","position":2,"name":"P\u0159ehled","item":"https:\/\/www.ais-systeme.de\/cs\/prehled\/"},{"@type":"ListItem","position":3,"name":"Projektov\u00fd management"}]},{"@type":"WebSite","@id":"https:\/\/www.ais-systeme.de\/#website","url":"https:\/\/www.ais-systeme.de\/","name":"AIS - Automotive Interior Systems GmbH","description":"","publisher":{"@id":"https:\/\/www.ais-systeme.de\/#organization"},"potentialAction":[{"@type":"SearchAction","target":{"@type":"EntryPoint","urlTemplate":"https:\/\/www.ais-systeme.de\/?s={search_term_string}"},"query-input":{"@type":"PropertyValueSpecification","valueRequired":true,"valueName":"search_term_string"}}],"inLanguage":"cs"},{"@type":"Organization","@id":"https:\/\/www.ais-systeme.de\/#organization","name":"AIS - Automotive Interior Systems GmbH","url":"https:\/\/www.ais-systeme.de\/","logo":{"@type":"ImageObject","inLanguage":"cs","@id":"https:\/\/www.ais-systeme.de\/#\/schema\/logo\/image\/","url":"https:\/\/www.ais-systeme.de\/wp-content\/uploads\/2022\/05\/AIS_logo_hell.svg","contentUrl":"https:\/\/www.ais-systeme.de\/wp-content\/uploads\/2022\/05\/AIS_logo_hell.svg","width":175,"height":55,"caption":"AIS - Automotive Interior Systems GmbH"},"image":{"@id":"https:\/\/www.ais-systeme.de\/#\/schema\/logo\/image\/"},"sameAs":["https:\/\/de.linkedin.com\/company\/ais-automotive-interior-systems-gmbh","https:\/\/www.xing.com\/pages\/ais-automotive-interior-systems-gmbh"]}]}},"_links":{"self":[{"href":"https:\/\/www.ais-systeme.de\/cs\/wp-json\/wp\/v2\/pages\/3597","targetHints":{"allow":["GET"]}}],"collection":[{"href":"https:\/\/www.ais-systeme.de\/cs\/wp-json\/wp\/v2\/pages"}],"about":[{"href":"https:\/\/www.ais-systeme.de\/cs\/wp-json\/wp\/v2\/types\/page"}],"author":[{"embeddable":true,"href":"https:\/\/www.ais-systeme.de\/cs\/wp-json\/wp\/v2\/users\/1"}],"replies":[{"embeddable":true,"href":"https:\/\/www.ais-systeme.de\/cs\/wp-json\/wp\/v2\/comments?post=3597"}],"version-history":[{"count":5,"href":"https:\/\/www.ais-systeme.de\/cs\/wp-json\/wp\/v2\/pages\/3597\/revisions"}],"predecessor-version":[{"id":4187,"href":"https:\/\/www.ais-systeme.de\/cs\/wp-json\/wp\/v2\/pages\/3597\/revisions\/4187"}],"up":[{"embeddable":true,"href":"https:\/\/www.ais-systeme.de\/cs\/wp-json\/wp\/v2\/pages\/3607"}],"wp:attachment":[{"href":"https:\/\/www.ais-systeme.de\/cs\/wp-json\/wp\/v2\/media?parent=3597"}],"curies":[{"name":"wp","href":"https:\/\/api.w.org\/{rel}","templated":true}]}}