{"id":3536,"date":"2023-03-14T12:22:16","date_gmt":"2023-03-14T12:22:16","guid":{"rendered":"https:\/\/www.ais-systeme.de\/?post_type=product&#038;p=3536"},"modified":"2023-03-14T12:22:16","modified_gmt":"2023-03-14T12:22:16","slug":"kryty-nadrzi-na-vodu","status":"publish","type":"product","link":"https:\/\/www.ais-systeme.de\/cs\/produkte\/kryty-nadrzi-na-vodu\/","title":{"rendered":"Kryty n\u00e1dr\u017e\u00ed na vodu"},"content":{"rendered":"<p>Krom\u011b klasick\u00fdch interi\u00e9rov\u00fdch produkt\u016f p\u0159in\u00e1\u0161\u00edme na\u0161e odborn\u00e9 znalosti tak\u00e9 do exteri\u00e9ru v podob\u011b kryt\u016f n\u00e1dr\u017e\u00ed na vodu. V horn\u00ed \u010d\u00e1sti motorov\u00e9ho prostoru komponenta slou\u017e\u00ed jako kryt nejd\u016fle\u017eit\u011bj\u0161\u00edch komponent\u016f na ochranu a odv\u00e1d\u011bn\u00ed st\u0159\u00edkaj\u00edc\u00ed vody. Odli\u0161ujeme se zde na\u0161imi zku\u0161enostmi s nep\u0159etr\u017eitou optimalizac\u00ed komponent a na\u0161\u00edm zam\u011b\u0159en\u00edm na aspekty udr\u017eitelnosti.<\/p>\n","protected":false},"excerpt":{"rendered":"<p>Krom\u011b klasick\u00fdch interi\u00e9rov\u00fdch produkt\u016f p\u0159in\u00e1\u0161\u00edme na\u0161e odborn\u00e9 znalosti tak\u00e9 do exteri\u00e9ru v podob\u011b kryt\u016f n\u00e1dr\u017e\u00ed na vodu. V horn\u00ed \u010d\u00e1sti motorov\u00e9ho prostoru komponenta slou\u017e\u00ed jako kryt nejd\u016fle\u017eit\u011bj\u0161\u00edch komponent\u016f na ochranu a odv\u00e1d\u011bn\u00ed st\u0159\u00edkaj\u00edc\u00ed vody. Odli\u0161ujeme se zde na\u0161imi zku\u0161enostmi s nep\u0159etr\u017eitou optimalizac\u00ed komponent a na\u0161\u00edm zam\u011b\u0159en\u00edm na aspekty udr\u017eitelnosti.<\/p>\n","protected":false},"featured_media":3344,"template":"","class_list":["post-3536","product","type-product","status-publish","has-post-thumbnail","hentry"],"acf":[],"yoast_head":"<!-- This site is optimized with the Yoast SEO Premium plugin v27.4 (Yoast SEO v27.4) - https:\/\/yoast.com\/product\/yoast-seo-premium-wordpress\/ -->\n<title>Kryty n\u00e1dr\u017e\u00ed na vodu - AIS - Automotive Interior Systems GmbH<\/title>\n<meta name=\"robots\" content=\"index, follow, max-snippet:-1, max-image-preview:large, max-video-preview:-1\" \/>\n<link rel=\"canonical\" href=\"https:\/\/www.ais-systeme.de\/cs\/produkte\/kryty-nadrzi-na-vodu\/\" \/>\n<meta property=\"og:locale\" content=\"cs_CZ\" \/>\n<meta property=\"og:type\" content=\"article\" \/>\n<meta property=\"og:title\" content=\"Kryty n\u00e1dr\u017e\u00ed na vodu\" \/>\n<meta property=\"og:description\" content=\"Krom\u011b klasick\u00fdch interi\u00e9rov\u00fdch produkt\u016f p\u0159in\u00e1\u0161\u00edme na\u0161e odborn\u00e9 znalosti tak\u00e9 do exteri\u00e9ru v podob\u011b kryt\u016f n\u00e1dr\u017e\u00ed na vodu. V horn\u00ed \u010d\u00e1sti motorov\u00e9ho prostoru komponenta slou\u017e\u00ed jako kryt nejd\u016fle\u017eit\u011bj\u0161\u00edch komponent\u016f na ochranu a odv\u00e1d\u011bn\u00ed st\u0159\u00edkaj\u00edc\u00ed vody. Odli\u0161ujeme se zde na\u0161imi zku\u0161enostmi s nep\u0159etr\u017eitou optimalizac\u00ed komponent a na\u0161\u00edm zam\u011b\u0159en\u00edm na aspekty udr\u017eitelnosti.\" \/>\n<meta property=\"og:url\" content=\"https:\/\/www.ais-systeme.de\/cs\/produkte\/kryty-nadrzi-na-vodu\/\" \/>\n<meta property=\"og:site_name\" content=\"AIS - Automotive Interior Systems GmbH\" \/>\n<meta property=\"og:image\" content=\"https:\/\/www.ais-systeme.de\/wp-content\/uploads\/2022\/04\/Produkte_0005_Final_Wasserkastenabdeckung.jpg\" \/>\n\t<meta property=\"og:image:width\" content=\"677\" \/>\n\t<meta property=\"og:image:height\" content=\"397\" \/>\n\t<meta property=\"og:image:type\" content=\"image\/jpeg\" \/>\n<meta name=\"twitter:card\" content=\"summary_large_image\" \/>\n<script type=\"application\/ld+json\" class=\"yoast-schema-graph\">{\"@context\":\"https:\\\/\\\/schema.org\",\"@graph\":[{\"@type\":\"WebPage\",\"@id\":\"https:\\\/\\\/www.ais-systeme.de\\\/cs\\\/produkte\\\/kryty-nadrzi-na-vodu\\\/\",\"url\":\"https:\\\/\\\/www.ais-systeme.de\\\/cs\\\/produkte\\\/kryty-nadrzi-na-vodu\\\/\",\"name\":\"Kryty n\u00e1dr\u017e\u00ed na vodu - AIS - Automotive Interior Systems GmbH\",\"isPartOf\":{\"@id\":\"https:\\\/\\\/www.ais-systeme.de\\\/#website\"},\"primaryImageOfPage\":{\"@id\":\"https:\\\/\\\/www.ais-systeme.de\\\/cs\\\/produkte\\\/kryty-nadrzi-na-vodu\\\/#primaryimage\"},\"image\":{\"@id\":\"https:\\\/\\\/www.ais-systeme.de\\\/cs\\\/produkte\\\/kryty-nadrzi-na-vodu\\\/#primaryimage\"},\"thumbnailUrl\":\"https:\\\/\\\/www.ais-systeme.de\\\/wp-content\\\/uploads\\\/2022\\\/04\\\/Produkte_0005_Final_Wasserkastenabdeckung.jpg\",\"datePublished\":\"2023-03-14T12:22:16+00:00\",\"breadcrumb\":{\"@id\":\"https:\\\/\\\/www.ais-systeme.de\\\/cs\\\/produkte\\\/kryty-nadrzi-na-vodu\\\/#breadcrumb\"},\"inLanguage\":\"cs\",\"potentialAction\":[{\"@type\":\"ReadAction\",\"target\":[\"https:\\\/\\\/www.ais-systeme.de\\\/cs\\\/produkte\\\/kryty-nadrzi-na-vodu\\\/\"]}]},{\"@type\":\"ImageObject\",\"inLanguage\":\"cs\",\"@id\":\"https:\\\/\\\/www.ais-systeme.de\\\/cs\\\/produkte\\\/kryty-nadrzi-na-vodu\\\/#primaryimage\",\"url\":\"https:\\\/\\\/www.ais-systeme.de\\\/wp-content\\\/uploads\\\/2022\\\/04\\\/Produkte_0005_Final_Wasserkastenabdeckung.jpg\",\"contentUrl\":\"https:\\\/\\\/www.ais-systeme.de\\\/wp-content\\\/uploads\\\/2022\\\/04\\\/Produkte_0005_Final_Wasserkastenabdeckung.jpg\",\"width\":677,\"height\":397},{\"@type\":\"BreadcrumbList\",\"@id\":\"https:\\\/\\\/www.ais-systeme.de\\\/cs\\\/produkte\\\/kryty-nadrzi-na-vodu\\\/#breadcrumb\",\"itemListElement\":[{\"@type\":\"ListItem\",\"position\":1,\"name\":\"Home\",\"item\":\"https:\\\/\\\/www.ais-systeme.de\\\/cs\\\/\"},{\"@type\":\"ListItem\",\"position\":2,\"name\":\"Produkte\",\"item\":\"https:\\\/\\\/www.ais-systeme.de\\\/produkte\\\/\"},{\"@type\":\"ListItem\",\"position\":3,\"name\":\"Kryty n\u00e1dr\u017e\u00ed na vodu\"}]},{\"@type\":\"WebSite\",\"@id\":\"https:\\\/\\\/www.ais-systeme.de\\\/#website\",\"url\":\"https:\\\/\\\/www.ais-systeme.de\\\/\",\"name\":\"AIS - Automotive Interior Systems GmbH\",\"description\":\"\",\"publisher\":{\"@id\":\"https:\\\/\\\/www.ais-systeme.de\\\/#organization\"},\"potentialAction\":[{\"@type\":\"SearchAction\",\"target\":{\"@type\":\"EntryPoint\",\"urlTemplate\":\"https:\\\/\\\/www.ais-systeme.de\\\/?s={search_term_string}\"},\"query-input\":{\"@type\":\"PropertyValueSpecification\",\"valueRequired\":true,\"valueName\":\"search_term_string\"}}],\"inLanguage\":\"cs\"},{\"@type\":\"Organization\",\"@id\":\"https:\\\/\\\/www.ais-systeme.de\\\/#organization\",\"name\":\"AIS - Automotive Interior Systems GmbH\",\"url\":\"https:\\\/\\\/www.ais-systeme.de\\\/\",\"logo\":{\"@type\":\"ImageObject\",\"inLanguage\":\"cs\",\"@id\":\"https:\\\/\\\/www.ais-systeme.de\\\/#\\\/schema\\\/logo\\\/image\\\/\",\"url\":\"https:\\\/\\\/www.ais-systeme.de\\\/wp-content\\\/uploads\\\/2022\\\/05\\\/AIS_logo_hell.svg\",\"contentUrl\":\"https:\\\/\\\/www.ais-systeme.de\\\/wp-content\\\/uploads\\\/2022\\\/05\\\/AIS_logo_hell.svg\",\"width\":175,\"height\":55,\"caption\":\"AIS - Automotive Interior Systems GmbH\"},\"image\":{\"@id\":\"https:\\\/\\\/www.ais-systeme.de\\\/#\\\/schema\\\/logo\\\/image\\\/\"},\"sameAs\":[\"https:\\\/\\\/de.linkedin.com\\\/company\\\/ais-automotive-interior-systems-gmbh\",\"https:\\\/\\\/www.xing.com\\\/pages\\\/ais-automotive-interior-systems-gmbh\"]}]}<\/script>\n<!-- \/ Yoast SEO Premium plugin. -->","yoast_head_json":{"title":"Kryty n\u00e1dr\u017e\u00ed na vodu - AIS - Automotive Interior Systems GmbH","robots":{"index":"index","follow":"follow","max-snippet":"max-snippet:-1","max-image-preview":"max-image-preview:large","max-video-preview":"max-video-preview:-1"},"canonical":"https:\/\/www.ais-systeme.de\/cs\/produkte\/kryty-nadrzi-na-vodu\/","og_locale":"cs_CZ","og_type":"article","og_title":"Kryty n\u00e1dr\u017e\u00ed na vodu","og_description":"Krom\u011b klasick\u00fdch interi\u00e9rov\u00fdch produkt\u016f p\u0159in\u00e1\u0161\u00edme na\u0161e odborn\u00e9 znalosti tak\u00e9 do exteri\u00e9ru v podob\u011b kryt\u016f n\u00e1dr\u017e\u00ed na vodu. V horn\u00ed \u010d\u00e1sti motorov\u00e9ho prostoru komponenta slou\u017e\u00ed jako kryt nejd\u016fle\u017eit\u011bj\u0161\u00edch komponent\u016f na ochranu a odv\u00e1d\u011bn\u00ed st\u0159\u00edkaj\u00edc\u00ed vody. Odli\u0161ujeme se zde na\u0161imi zku\u0161enostmi s nep\u0159etr\u017eitou optimalizac\u00ed komponent a na\u0161\u00edm zam\u011b\u0159en\u00edm na aspekty udr\u017eitelnosti.","og_url":"https:\/\/www.ais-systeme.de\/cs\/produkte\/kryty-nadrzi-na-vodu\/","og_site_name":"AIS - Automotive Interior Systems GmbH","og_image":[{"width":677,"height":397,"url":"https:\/\/www.ais-systeme.de\/wp-content\/uploads\/2022\/04\/Produkte_0005_Final_Wasserkastenabdeckung.jpg","type":"image\/jpeg"}],"twitter_card":"summary_large_image","schema":{"@context":"https:\/\/schema.org","@graph":[{"@type":"WebPage","@id":"https:\/\/www.ais-systeme.de\/cs\/produkte\/kryty-nadrzi-na-vodu\/","url":"https:\/\/www.ais-systeme.de\/cs\/produkte\/kryty-nadrzi-na-vodu\/","name":"Kryty n\u00e1dr\u017e\u00ed na vodu - AIS - Automotive Interior Systems GmbH","isPartOf":{"@id":"https:\/\/www.ais-systeme.de\/#website"},"primaryImageOfPage":{"@id":"https:\/\/www.ais-systeme.de\/cs\/produkte\/kryty-nadrzi-na-vodu\/#primaryimage"},"image":{"@id":"https:\/\/www.ais-systeme.de\/cs\/produkte\/kryty-nadrzi-na-vodu\/#primaryimage"},"thumbnailUrl":"https:\/\/www.ais-systeme.de\/wp-content\/uploads\/2022\/04\/Produkte_0005_Final_Wasserkastenabdeckung.jpg","datePublished":"2023-03-14T12:22:16+00:00","breadcrumb":{"@id":"https:\/\/www.ais-systeme.de\/cs\/produkte\/kryty-nadrzi-na-vodu\/#breadcrumb"},"inLanguage":"cs","potentialAction":[{"@type":"ReadAction","target":["https:\/\/www.ais-systeme.de\/cs\/produkte\/kryty-nadrzi-na-vodu\/"]}]},{"@type":"ImageObject","inLanguage":"cs","@id":"https:\/\/www.ais-systeme.de\/cs\/produkte\/kryty-nadrzi-na-vodu\/#primaryimage","url":"https:\/\/www.ais-systeme.de\/wp-content\/uploads\/2022\/04\/Produkte_0005_Final_Wasserkastenabdeckung.jpg","contentUrl":"https:\/\/www.ais-systeme.de\/wp-content\/uploads\/2022\/04\/Produkte_0005_Final_Wasserkastenabdeckung.jpg","width":677,"height":397},{"@type":"BreadcrumbList","@id":"https:\/\/www.ais-systeme.de\/cs\/produkte\/kryty-nadrzi-na-vodu\/#breadcrumb","itemListElement":[{"@type":"ListItem","position":1,"name":"Home","item":"https:\/\/www.ais-systeme.de\/cs\/"},{"@type":"ListItem","position":2,"name":"Produkte","item":"https:\/\/www.ais-systeme.de\/produkte\/"},{"@type":"ListItem","position":3,"name":"Kryty n\u00e1dr\u017e\u00ed na vodu"}]},{"@type":"WebSite","@id":"https:\/\/www.ais-systeme.de\/#website","url":"https:\/\/www.ais-systeme.de\/","name":"AIS - Automotive Interior Systems GmbH","description":"","publisher":{"@id":"https:\/\/www.ais-systeme.de\/#organization"},"potentialAction":[{"@type":"SearchAction","target":{"@type":"EntryPoint","urlTemplate":"https:\/\/www.ais-systeme.de\/?s={search_term_string}"},"query-input":{"@type":"PropertyValueSpecification","valueRequired":true,"valueName":"search_term_string"}}],"inLanguage":"cs"},{"@type":"Organization","@id":"https:\/\/www.ais-systeme.de\/#organization","name":"AIS - Automotive Interior Systems GmbH","url":"https:\/\/www.ais-systeme.de\/","logo":{"@type":"ImageObject","inLanguage":"cs","@id":"https:\/\/www.ais-systeme.de\/#\/schema\/logo\/image\/","url":"https:\/\/www.ais-systeme.de\/wp-content\/uploads\/2022\/05\/AIS_logo_hell.svg","contentUrl":"https:\/\/www.ais-systeme.de\/wp-content\/uploads\/2022\/05\/AIS_logo_hell.svg","width":175,"height":55,"caption":"AIS - Automotive Interior Systems GmbH"},"image":{"@id":"https:\/\/www.ais-systeme.de\/#\/schema\/logo\/image\/"},"sameAs":["https:\/\/de.linkedin.com\/company\/ais-automotive-interior-systems-gmbh","https:\/\/www.xing.com\/pages\/ais-automotive-interior-systems-gmbh"]}]}},"_links":{"self":[{"href":"https:\/\/www.ais-systeme.de\/cs\/wp-json\/wp\/v2\/product\/3536","targetHints":{"allow":["GET"]}}],"collection":[{"href":"https:\/\/www.ais-systeme.de\/cs\/wp-json\/wp\/v2\/product"}],"about":[{"href":"https:\/\/www.ais-systeme.de\/cs\/wp-json\/wp\/v2\/types\/product"}],"wp:featuredmedia":[{"embeddable":true,"href":"https:\/\/www.ais-systeme.de\/cs\/wp-json\/wp\/v2\/media\/3344"}],"wp:attachment":[{"href":"https:\/\/www.ais-systeme.de\/cs\/wp-json\/wp\/v2\/media?parent=3536"}],"curies":[{"name":"wp","href":"https:\/\/api.w.org\/{rel}","templated":true}]}}