{"id":2718,"date":"2022-05-13T08:52:19","date_gmt":"2022-05-13T08:52:19","guid":{"rendered":"https:\/\/www.ais-systeme.de\/produkte\/glove-box\/"},"modified":"2022-10-17T13:32:40","modified_gmt":"2022-10-17T13:32:40","slug":"glove-box","status":"publish","type":"product","link":"https:\/\/www.ais-systeme.de\/sk\/produkte\/glove-box\/","title":{"rendered":"Priehradka spolujazdca"},"content":{"rendered":"<p>Pr\u00edstrojov\u00e1 doska so svojimi nadstavbov\u00fdmi \u010das\u0165ami je v priamom zornom poli ka\u017ed\u00e9ho vozidla. D\u00f4le\u017eit\u00fdm komponentom je odkladacia schr\u00e1nka, ktor\u00e1 vodi\u010dovi pon\u00faka \u010fal\u0161\u00ed \u00falo\u017en\u00fd priestor. V tejto skupine v\u00fdrobkov musia by\u0165 splnen\u00e9 \u0161peci\u00e1lne po\u017eiadavky na funk\u010dnos\u0165, pevnos\u0165 a teplotu.<\/p>\n","protected":false},"excerpt":{"rendered":"<p>Pr\u00edstrojov\u00e1 doska so svojimi nadstavbov\u00fdmi \u010das\u0165ami je v priamom zornom poli ka\u017ed\u00e9ho vozidla. D\u00f4le\u017eit\u00fdm komponentom je odkladacia schr\u00e1nka, ktor\u00e1 vodi\u010dovi pon\u00faka \u010fal\u0161\u00ed \u00falo\u017en\u00fd priestor. V tejto skupine v\u00fdrobkov musia by\u0165 splnen\u00e9 \u0161peci\u00e1lne po\u017eiadavky na funk\u010dnos\u0165, pevnos\u0165 a teplotu.<\/p>\n","protected":false},"featured_media":2570,"template":"","class_list":["post-2718","product","type-product","status-publish","has-post-thumbnail","hentry"],"acf":[],"yoast_head":"<!-- This site is optimized with the Yoast SEO Premium plugin v27.4 (Yoast SEO v27.4) - https:\/\/yoast.com\/product\/yoast-seo-premium-wordpress\/ -->\n<title>Priehradka spolujazdca - AIS - Automotive Interior Systems GmbH<\/title>\n<meta name=\"robots\" content=\"index, follow, max-snippet:-1, max-image-preview:large, max-video-preview:-1\" \/>\n<link rel=\"canonical\" href=\"https:\/\/www.ais-systeme.de\/sk\/produkte\/glove-box\/\" \/>\n<meta property=\"og:locale\" content=\"sk_SK\" \/>\n<meta property=\"og:type\" content=\"article\" \/>\n<meta property=\"og:title\" content=\"Priehradka spolujazdca\" \/>\n<meta property=\"og:description\" content=\"Pr\u00edstrojov\u00e1 doska so svojimi nadstavbov\u00fdmi \u010das\u0165ami je v priamom zornom poli ka\u017ed\u00e9ho vozidla. D\u00f4le\u017eit\u00fdm komponentom je odkladacia schr\u00e1nka, ktor\u00e1 vodi\u010dovi pon\u00faka \u010fal\u0161\u00ed \u00falo\u017en\u00fd priestor. V tejto skupine v\u00fdrobkov musia by\u0165 splnen\u00e9 \u0161peci\u00e1lne po\u017eiadavky na funk\u010dnos\u0165, pevnos\u0165 a teplotu.\" \/>\n<meta property=\"og:url\" content=\"https:\/\/www.ais-systeme.de\/sk\/produkte\/glove-box\/\" \/>\n<meta property=\"og:site_name\" content=\"AIS - Automotive Interior Systems GmbH\" \/>\n<meta property=\"article:modified_time\" content=\"2022-10-17T13:32:40+00:00\" \/>\n<meta property=\"og:image\" content=\"https:\/\/www.ais-systeme.de\/wp-content\/uploads\/2022\/04\/Produkte_0004_Handschuhkasten.jpg\" \/>\n\t<meta property=\"og:image:width\" content=\"677\" \/>\n\t<meta property=\"og:image:height\" content=\"397\" \/>\n\t<meta property=\"og:image:type\" content=\"image\/jpeg\" \/>\n<meta name=\"twitter:card\" content=\"summary_large_image\" \/>\n<script type=\"application\/ld+json\" class=\"yoast-schema-graph\">{\"@context\":\"https:\\\/\\\/schema.org\",\"@graph\":[{\"@type\":\"WebPage\",\"@id\":\"https:\\\/\\\/www.ais-systeme.de\\\/sk\\\/produkte\\\/glove-box\\\/\",\"url\":\"https:\\\/\\\/www.ais-systeme.de\\\/sk\\\/produkte\\\/glove-box\\\/\",\"name\":\"Priehradka spolujazdca - AIS - Automotive Interior Systems GmbH\",\"isPartOf\":{\"@id\":\"https:\\\/\\\/www.ais-systeme.de\\\/#website\"},\"primaryImageOfPage\":{\"@id\":\"https:\\\/\\\/www.ais-systeme.de\\\/sk\\\/produkte\\\/glove-box\\\/#primaryimage\"},\"image\":{\"@id\":\"https:\\\/\\\/www.ais-systeme.de\\\/sk\\\/produkte\\\/glove-box\\\/#primaryimage\"},\"thumbnailUrl\":\"https:\\\/\\\/www.ais-systeme.de\\\/wp-content\\\/uploads\\\/2022\\\/04\\\/Produkte_0004_Handschuhkasten.jpg\",\"datePublished\":\"2022-05-13T08:52:19+00:00\",\"dateModified\":\"2022-10-17T13:32:40+00:00\",\"breadcrumb\":{\"@id\":\"https:\\\/\\\/www.ais-systeme.de\\\/sk\\\/produkte\\\/glove-box\\\/#breadcrumb\"},\"inLanguage\":\"sk-SK\",\"potentialAction\":[{\"@type\":\"ReadAction\",\"target\":[\"https:\\\/\\\/www.ais-systeme.de\\\/sk\\\/produkte\\\/glove-box\\\/\"]}]},{\"@type\":\"ImageObject\",\"inLanguage\":\"sk-SK\",\"@id\":\"https:\\\/\\\/www.ais-systeme.de\\\/sk\\\/produkte\\\/glove-box\\\/#primaryimage\",\"url\":\"https:\\\/\\\/www.ais-systeme.de\\\/wp-content\\\/uploads\\\/2022\\\/04\\\/Produkte_0004_Handschuhkasten.jpg\",\"contentUrl\":\"https:\\\/\\\/www.ais-systeme.de\\\/wp-content\\\/uploads\\\/2022\\\/04\\\/Produkte_0004_Handschuhkasten.jpg\",\"width\":677,\"height\":397},{\"@type\":\"BreadcrumbList\",\"@id\":\"https:\\\/\\\/www.ais-systeme.de\\\/sk\\\/produkte\\\/glove-box\\\/#breadcrumb\",\"itemListElement\":[{\"@type\":\"ListItem\",\"position\":1,\"name\":\"Domov\",\"item\":\"https:\\\/\\\/www.ais-systeme.de\\\/sk\\\/\"},{\"@type\":\"ListItem\",\"position\":2,\"name\":\"Produkte\",\"item\":\"https:\\\/\\\/www.ais-systeme.de\\\/produkte\\\/\"},{\"@type\":\"ListItem\",\"position\":3,\"name\":\"Priehradka spolujazdca\"}]},{\"@type\":\"WebSite\",\"@id\":\"https:\\\/\\\/www.ais-systeme.de\\\/#website\",\"url\":\"https:\\\/\\\/www.ais-systeme.de\\\/\",\"name\":\"AIS - Automotive Interior Systems GmbH\",\"description\":\"\",\"publisher\":{\"@id\":\"https:\\\/\\\/www.ais-systeme.de\\\/#organization\"},\"potentialAction\":[{\"@type\":\"SearchAction\",\"target\":{\"@type\":\"EntryPoint\",\"urlTemplate\":\"https:\\\/\\\/www.ais-systeme.de\\\/?s={search_term_string}\"},\"query-input\":{\"@type\":\"PropertyValueSpecification\",\"valueRequired\":true,\"valueName\":\"search_term_string\"}}],\"inLanguage\":\"sk-SK\"},{\"@type\":\"Organization\",\"@id\":\"https:\\\/\\\/www.ais-systeme.de\\\/#organization\",\"name\":\"AIS - Automotive Interior Systems GmbH\",\"url\":\"https:\\\/\\\/www.ais-systeme.de\\\/\",\"logo\":{\"@type\":\"ImageObject\",\"inLanguage\":\"sk-SK\",\"@id\":\"https:\\\/\\\/www.ais-systeme.de\\\/#\\\/schema\\\/logo\\\/image\\\/\",\"url\":\"https:\\\/\\\/www.ais-systeme.de\\\/wp-content\\\/uploads\\\/2022\\\/05\\\/AIS_logo_hell.svg\",\"contentUrl\":\"https:\\\/\\\/www.ais-systeme.de\\\/wp-content\\\/uploads\\\/2022\\\/05\\\/AIS_logo_hell.svg\",\"width\":175,\"height\":55,\"caption\":\"AIS - Automotive Interior Systems GmbH\"},\"image\":{\"@id\":\"https:\\\/\\\/www.ais-systeme.de\\\/#\\\/schema\\\/logo\\\/image\\\/\"},\"sameAs\":[\"https:\\\/\\\/de.linkedin.com\\\/company\\\/ais-automotive-interior-systems-gmbh\",\"https:\\\/\\\/www.xing.com\\\/pages\\\/ais-automotive-interior-systems-gmbh\"]}]}<\/script>\n<!-- \/ Yoast SEO Premium plugin. -->","yoast_head_json":{"title":"Priehradka spolujazdca - AIS - Automotive Interior Systems GmbH","robots":{"index":"index","follow":"follow","max-snippet":"max-snippet:-1","max-image-preview":"max-image-preview:large","max-video-preview":"max-video-preview:-1"},"canonical":"https:\/\/www.ais-systeme.de\/sk\/produkte\/glove-box\/","og_locale":"sk_SK","og_type":"article","og_title":"Priehradka spolujazdca","og_description":"Pr\u00edstrojov\u00e1 doska so svojimi nadstavbov\u00fdmi \u010das\u0165ami je v priamom zornom poli ka\u017ed\u00e9ho vozidla. D\u00f4le\u017eit\u00fdm komponentom je odkladacia schr\u00e1nka, ktor\u00e1 vodi\u010dovi pon\u00faka \u010fal\u0161\u00ed \u00falo\u017en\u00fd priestor. V tejto skupine v\u00fdrobkov musia by\u0165 splnen\u00e9 \u0161peci\u00e1lne po\u017eiadavky na funk\u010dnos\u0165, pevnos\u0165 a teplotu.","og_url":"https:\/\/www.ais-systeme.de\/sk\/produkte\/glove-box\/","og_site_name":"AIS - Automotive Interior Systems GmbH","article_modified_time":"2022-10-17T13:32:40+00:00","og_image":[{"width":677,"height":397,"url":"https:\/\/www.ais-systeme.de\/wp-content\/uploads\/2022\/04\/Produkte_0004_Handschuhkasten.jpg","type":"image\/jpeg"}],"twitter_card":"summary_large_image","schema":{"@context":"https:\/\/schema.org","@graph":[{"@type":"WebPage","@id":"https:\/\/www.ais-systeme.de\/sk\/produkte\/glove-box\/","url":"https:\/\/www.ais-systeme.de\/sk\/produkte\/glove-box\/","name":"Priehradka spolujazdca - AIS - Automotive Interior Systems GmbH","isPartOf":{"@id":"https:\/\/www.ais-systeme.de\/#website"},"primaryImageOfPage":{"@id":"https:\/\/www.ais-systeme.de\/sk\/produkte\/glove-box\/#primaryimage"},"image":{"@id":"https:\/\/www.ais-systeme.de\/sk\/produkte\/glove-box\/#primaryimage"},"thumbnailUrl":"https:\/\/www.ais-systeme.de\/wp-content\/uploads\/2022\/04\/Produkte_0004_Handschuhkasten.jpg","datePublished":"2022-05-13T08:52:19+00:00","dateModified":"2022-10-17T13:32:40+00:00","breadcrumb":{"@id":"https:\/\/www.ais-systeme.de\/sk\/produkte\/glove-box\/#breadcrumb"},"inLanguage":"sk-SK","potentialAction":[{"@type":"ReadAction","target":["https:\/\/www.ais-systeme.de\/sk\/produkte\/glove-box\/"]}]},{"@type":"ImageObject","inLanguage":"sk-SK","@id":"https:\/\/www.ais-systeme.de\/sk\/produkte\/glove-box\/#primaryimage","url":"https:\/\/www.ais-systeme.de\/wp-content\/uploads\/2022\/04\/Produkte_0004_Handschuhkasten.jpg","contentUrl":"https:\/\/www.ais-systeme.de\/wp-content\/uploads\/2022\/04\/Produkte_0004_Handschuhkasten.jpg","width":677,"height":397},{"@type":"BreadcrumbList","@id":"https:\/\/www.ais-systeme.de\/sk\/produkte\/glove-box\/#breadcrumb","itemListElement":[{"@type":"ListItem","position":1,"name":"Domov","item":"https:\/\/www.ais-systeme.de\/sk\/"},{"@type":"ListItem","position":2,"name":"Produkte","item":"https:\/\/www.ais-systeme.de\/produkte\/"},{"@type":"ListItem","position":3,"name":"Priehradka spolujazdca"}]},{"@type":"WebSite","@id":"https:\/\/www.ais-systeme.de\/#website","url":"https:\/\/www.ais-systeme.de\/","name":"AIS - Automotive Interior Systems GmbH","description":"","publisher":{"@id":"https:\/\/www.ais-systeme.de\/#organization"},"potentialAction":[{"@type":"SearchAction","target":{"@type":"EntryPoint","urlTemplate":"https:\/\/www.ais-systeme.de\/?s={search_term_string}"},"query-input":{"@type":"PropertyValueSpecification","valueRequired":true,"valueName":"search_term_string"}}],"inLanguage":"sk-SK"},{"@type":"Organization","@id":"https:\/\/www.ais-systeme.de\/#organization","name":"AIS - Automotive Interior Systems GmbH","url":"https:\/\/www.ais-systeme.de\/","logo":{"@type":"ImageObject","inLanguage":"sk-SK","@id":"https:\/\/www.ais-systeme.de\/#\/schema\/logo\/image\/","url":"https:\/\/www.ais-systeme.de\/wp-content\/uploads\/2022\/05\/AIS_logo_hell.svg","contentUrl":"https:\/\/www.ais-systeme.de\/wp-content\/uploads\/2022\/05\/AIS_logo_hell.svg","width":175,"height":55,"caption":"AIS - Automotive Interior Systems GmbH"},"image":{"@id":"https:\/\/www.ais-systeme.de\/#\/schema\/logo\/image\/"},"sameAs":["https:\/\/de.linkedin.com\/company\/ais-automotive-interior-systems-gmbh","https:\/\/www.xing.com\/pages\/ais-automotive-interior-systems-gmbh"]}]}},"_links":{"self":[{"href":"https:\/\/www.ais-systeme.de\/sk\/wp-json\/wp\/v2\/product\/2718","targetHints":{"allow":["GET"]}}],"collection":[{"href":"https:\/\/www.ais-systeme.de\/sk\/wp-json\/wp\/v2\/product"}],"about":[{"href":"https:\/\/www.ais-systeme.de\/sk\/wp-json\/wp\/v2\/types\/product"}],"wp:featuredmedia":[{"embeddable":true,"href":"https:\/\/www.ais-systeme.de\/sk\/wp-json\/wp\/v2\/media\/2570"}],"wp:attachment":[{"href":"https:\/\/www.ais-systeme.de\/sk\/wp-json\/wp\/v2\/media?parent=2718"}],"curies":[{"name":"wp","href":"https:\/\/api.w.org\/{rel}","templated":true}]}}